{"id":193,"date":"2021-06-23T06:19:46","date_gmt":"2021-06-23T04:19:46","guid":{"rendered":"https:\/\/ggftmrubber.surmacreation.com\/?page_id=193"},"modified":"2022-05-20T14:05:08","modified_gmt":"2022-05-20T12:05:08","slug":"uslugi","status":"publish","type":"page","link":"https:\/\/www.tmrubber.eu\/en\/services\/","title":{"rendered":"Us\u0142ugi"},"content":{"rendered":"<div data-elementor-type=\"wp-page\" data-elementor-id=\"193\" class=\"elementor elementor-193\" data-elementor-post-type=\"page\">\n\t\t\t\t\t\t<section class=\"elementor-section elementor-top-section elementor-element elementor-element-48288ed elementor-section-boxed elementor-section-height-default elementor-section-height-default\" data-id=\"48288ed\" data-element_type=\"section\" data-settings=\"{&quot;jet_parallax_layout_list&quot;:[{&quot;jet_parallax_layout_image&quot;:{&quot;url&quot;:&quot;&quot;,&quot;id&quot;:&quot;&quot;,&quot;size&quot;:&quot;&quot;},&quot;_id&quot;:&quot;a915a34&quot;,&quot;jet_parallax_layout_image_tablet&quot;:{&quot;url&quot;:&quot;&quot;,&quot;id&quot;:&quot;&quot;,&quot;size&quot;:&quot;&quot;},&quot;jet_parallax_layout_image_mobile&quot;:{&quot;url&quot;:&quot;&quot;,&quot;id&quot;:&quot;&quot;,&quot;size&quot;:&quot;&quot;},&quot;jet_parallax_layout_speed&quot;:{&quot;unit&quot;:&quot;%&quot;,&quot;size&quot;:50,&quot;sizes&quot;:[]},&quot;jet_parallax_layout_type&quot;:&quot;scroll&quot;,&quot;jet_parallax_layout_direction&quot;:&quot;1&quot;,&quot;jet_parallax_layout_fx_direction&quot;:null,&quot;jet_parallax_layout_z_index&quot;:&quot;&quot;,&quot;jet_parallax_layout_bg_x&quot;:50,&quot;jet_parallax_layout_bg_x_tablet&quot;:&quot;&quot;,&quot;jet_parallax_layout_bg_x_mobile&quot;:&quot;&quot;,&quot;jet_parallax_layout_bg_y&quot;:50,&quot;jet_parallax_layout_bg_y_tablet&quot;:&quot;&quot;,&quot;jet_parallax_layout_bg_y_mobile&quot;:&quot;&quot;,&quot;jet_parallax_layout_bg_size&quot;:&quot;auto&quot;,&quot;jet_parallax_layout_bg_size_tablet&quot;:&quot;&quot;,&quot;jet_parallax_layout_bg_size_mobile&quot;:&quot;&quot;,&quot;jet_parallax_layout_animation_prop&quot;:&quot;transform&quot;,&quot;jet_parallax_layout_on&quot;:[&quot;desktop&quot;,&quot;tablet&quot;]}]}\">\n\t\t\t\t\t\t<div class=\"elementor-container elementor-column-gap-default\">\n\t\t\t\t\t<div class=\"elementor-column elementor-col-50 elementor-top-column elementor-element elementor-element-176a691\" data-id=\"176a691\" data-element_type=\"column\">\n\t\t\t<div class=\"elementor-widget-wrap elementor-element-populated\">\n\t\t\t\t\t\t<div class=\"elementor-element elementor-element-b818daa elementor-widget elementor-widget-heading\" data-id=\"b818daa\" data-element_type=\"widget\" data-no-translation=\"\" data-widget_type=\"heading.default\">\n\t\t\t\t<div class=\"elementor-widget-container\">\n\t\t\t\t\t<style>.elementor-element-b818daa{display:none !important}<\/style>\t\t\t\t<\/div>\n\t\t\t\t<\/div>\n\t\t\t\t<div class=\"elementor-element elementor-element-849ec01 elementor-widget elementor-widget-heading\" data-id=\"849ec01\" data-element_type=\"widget\" data-no-translation=\"\" data-widget_type=\"heading.default\">\n\t\t\t\t<div class=\"elementor-widget-container\">\n\t\t\t\t\t<style>.elementor-element-849ec01{display:none !important}<\/style>\t\t\t\t<\/div>\n\t\t\t\t<\/div>\n\t\t\t\t<div class=\"elementor-element elementor-element-14d3b8b elementor-widget elementor-widget-text-editor\" data-id=\"14d3b8b\" data-element_type=\"widget\" data-no-translation=\"\" data-widget_type=\"text-editor.default\">\n\t\t\t\t<div class=\"elementor-widget-container\">\n\t\t\t\t\t<style>.elementor-element-14d3b8b{display:none !important}<\/style>\t\t\t\t<\/div>\n\t\t\t\t<\/div>\n\t\t\t\t<div class=\"elementor-element elementor-element-e7367d0 elementor-widget elementor-widget-text-editor\" data-id=\"e7367d0\" data-element_type=\"widget\" data-no-translation=\"\" data-widget_type=\"text-editor.default\">\n\t\t\t\t<div class=\"elementor-widget-container\">\n\t\t\t\t\t<style>.elementor-element-e7367d0{display:none !important}<\/style>\t\t\t\t<\/div>\n\t\t\t\t<\/div>\n\t\t\t\t\t<\/div>\n\t\t<\/div>\n\t\t\t\t<div class=\"elementor-column elementor-col-50 elementor-top-column elementor-element elementor-element-733811e\" data-id=\"733811e\" data-element_type=\"column\">\n\t\t\t<div class=\"elementor-widget-wrap elementor-element-populated\">\n\t\t\t\t\t\t<div class=\"elementor-element elementor-element-3900135 elementor-widget elementor-widget-image\" data-id=\"3900135\" data-element_type=\"widget\" data-widget_type=\"image.default\">\n\t\t\t\t<div class=\"elementor-widget-container\">\n\t\t\t\t\t\t\t\t\t\t\t\t\t\t\t<img fetchpriority=\"high\" decoding=\"async\" width=\"600\" height=\"900\" src=\"https:\/\/www.tmrubber.eu\/wp-content\/uploads\/2021\/06\/services.jpg\" class=\"attachment-large size-large wp-image-202\" alt=\"\" srcset=\"https:\/\/www.tmrubber.eu\/wp-content\/uploads\/2021\/06\/services.jpg 600w, https:\/\/www.tmrubber.eu\/wp-content\/uploads\/2021\/06\/services-200x300.jpg 200w\" sizes=\"(max-width: 600px) 100vw, 600px\" \/>\t\t\t\t\t\t\t\t\t\t\t\t\t\t\t<\/div>\n\t\t\t\t<\/div>\n\t\t\t\t\t<\/div>\n\t\t<\/div>\n\t\t\t\t\t<\/div>\n\t\t<\/section>\n\t\t\t\t<\/div>","protected":false},"excerpt":{"rendered":"<p>Produkcja element\u00f3w silikonowych Jeste\u015bmy firm\u0105 dzia\u0142aj\u0105c\u0105 na rynku europejskim od 2002 roku. Posiadamy bogate do\u015bwiadczenie we wsp\u00f3\u0142pracy mi\u0119dzynarodowej. G\u0142\u00f3wnie wsp\u00f3\u0142pracujemy z firmami skandynawskimi. W\u015br\u00f3d naszych klient\u00f3w s\u0105 r\u00f3wnie\u017c firmy z Azji. Oferujemy: Doradztwo w doborze odpowiedniego materia\u0142u i mieszaniu materia\u0142\u00f3w Pomoc w projektowaniu i wykonaniu form Serie testowe Produkcj\u0119 w kr\u00f3tkich, \u015brednich i d\u0142ugich seriach [&hellip;]<\/p>","protected":false},"author":1,"featured_media":0,"parent":0,"menu_order":13,"comment_status":"closed","ping_status":"closed","template":"","meta":{"footnotes":""},"class_list":["post-193","page","type-page","status-publish","hentry"],"yoast_head":"<!-- This site is optimized with the Yoast SEO plugin v26.7 - https:\/\/yoast.com\/wordpress\/plugins\/seo\/ -->\n<title>Us\u0142ugi - Silikon ciek\u0142y i sta\u0142y - GGF TMRubber<\/title>\n<meta name=\"robots\" content=\"index, follow, max-snippet:-1, max-image-preview:large, max-video-preview:-1\" \/>\n<link rel=\"canonical\" href=\"https:\/\/www.tmrubber.eu\/en\/services\/\" \/>\n<meta property=\"og:locale\" content=\"en_US\" \/>\n<meta property=\"og:type\" content=\"article\" \/>\n<meta property=\"og:title\" content=\"Us\u0142ugi - Silikon ciek\u0142y i sta\u0142y - GGF TMRubber\" \/>\n<meta property=\"og:description\" content=\"Produkcja element\u00f3w silikonowych Jeste\u015bmy firm\u0105 dzia\u0142aj\u0105c\u0105 na rynku europejskim od 2002 roku. Posiadamy bogate do\u015bwiadczenie we wsp\u00f3\u0142pracy mi\u0119dzynarodowej. G\u0142\u00f3wnie wsp\u00f3\u0142pracujemy z firmami skandynawskimi. W\u015br\u00f3d naszych klient\u00f3w s\u0105 r\u00f3wnie\u017c firmy z Azji. Oferujemy: Doradztwo w doborze odpowiedniego materia\u0142u i mieszaniu materia\u0142\u00f3w Pomoc w projektowaniu i wykonaniu form Serie testowe Produkcj\u0119 w kr\u00f3tkich, \u015brednich i d\u0142ugich seriach [&hellip;]\" \/>\n<meta property=\"og:url\" content=\"https:\/\/www.tmrubber.eu\/en\/services\/\" \/>\n<meta property=\"og:site_name\" content=\"Silikon ciek\u0142y i sta\u0142y - GGF TMRubber\" \/>\n<meta property=\"article:modified_time\" content=\"2022-05-20T12:05:08+00:00\" \/>\n<meta property=\"og:image\" content=\"https:\/\/www.tmrubber.eu\/wp-content\/uploads\/2021\/06\/services.jpg\" \/>\n<meta name=\"twitter:card\" content=\"summary_large_image\" \/>\n<meta name=\"twitter:label1\" content=\"Est. reading time\" \/>\n\t<meta name=\"twitter:data1\" content=\"2 minutes\" \/>\n<script type=\"application\/ld+json\" class=\"yoast-schema-graph\">{\"@context\":\"https:\/\/schema.org\",\"@graph\":[{\"@type\":\"WebPage\",\"@id\":\"https:\/\/www.tmrubber.eu\/uslugi\/\",\"url\":\"https:\/\/www.tmrubber.eu\/uslugi\/\",\"name\":\"Us\u0142ugi - Silikon ciek\u0142y i sta\u0142y - GGF TMRubber\",\"isPartOf\":{\"@id\":\"https:\/\/www.tmrubber.eu\/#website\"},\"primaryImageOfPage\":{\"@id\":\"https:\/\/www.tmrubber.eu\/uslugi\/#primaryimage\"},\"image\":{\"@id\":\"https:\/\/www.tmrubber.eu\/uslugi\/#primaryimage\"},\"thumbnailUrl\":\"https:\/\/www.tmrubber.eu\/wp-content\/uploads\/2021\/06\/services.jpg\",\"datePublished\":\"2021-06-23T04:19:46+00:00\",\"dateModified\":\"2022-05-20T12:05:08+00:00\",\"breadcrumb\":{\"@id\":\"https:\/\/www.tmrubber.eu\/uslugi\/#breadcrumb\"},\"inLanguage\":\"en-US\",\"potentialAction\":[{\"@type\":\"ReadAction\",\"target\":[\"https:\/\/www.tmrubber.eu\/uslugi\/\"]}]},{\"@type\":\"ImageObject\",\"inLanguage\":\"en-US\",\"@id\":\"https:\/\/www.tmrubber.eu\/uslugi\/#primaryimage\",\"url\":\"https:\/\/www.tmrubber.eu\/wp-content\/uploads\/2021\/06\/services.jpg\",\"contentUrl\":\"https:\/\/www.tmrubber.eu\/wp-content\/uploads\/2021\/06\/services.jpg\"},{\"@type\":\"BreadcrumbList\",\"@id\":\"https:\/\/www.tmrubber.eu\/uslugi\/#breadcrumb\",\"itemListElement\":[{\"@type\":\"ListItem\",\"position\":1,\"name\":\"Strona g\u0142\u00f3wna\",\"item\":\"https:\/\/www.tmrubber.eu\/\"},{\"@type\":\"ListItem\",\"position\":2,\"name\":\"Us\u0142ugi\"}]},{\"@type\":\"WebSite\",\"@id\":\"https:\/\/www.tmrubber.eu\/#website\",\"url\":\"https:\/\/www.tmrubber.eu\/\",\"name\":\"Silikon ciek\u0142y i sta\u0142y - GGF TMRubber\",\"description\":\"Silikon sta\u0142y, ciek\u0142y metod\u0105 wtryskow\u0105 i prasowania\",\"publisher\":{\"@id\":\"https:\/\/www.tmrubber.eu\/#organization\"},\"potentialAction\":[{\"@type\":\"SearchAction\",\"target\":{\"@type\":\"EntryPoint\",\"urlTemplate\":\"https:\/\/www.tmrubber.eu\/?s={search_term_string}\"},\"query-input\":{\"@type\":\"PropertyValueSpecification\",\"valueRequired\":true,\"valueName\":\"search_term_string\"}}],\"inLanguage\":\"en-US\"},{\"@type\":\"Organization\",\"@id\":\"https:\/\/www.tmrubber.eu\/#organization\",\"name\":\"Silikon ciek\u0142y i sta\u0142y - GGF TMRubber\",\"url\":\"https:\/\/www.tmrubber.eu\/\",\"logo\":{\"@type\":\"ImageObject\",\"inLanguage\":\"en-US\",\"@id\":\"https:\/\/www.tmrubber.eu\/#\/schema\/logo\/image\/\",\"url\":\"https:\/\/www.tmrubber.eu\/wp-content\/uploads\/2021\/06\/admin-ajax.png\",\"contentUrl\":\"https:\/\/www.tmrubber.eu\/wp-content\/uploads\/2021\/06\/admin-ajax.png\",\"width\":230,\"height\":50,\"caption\":\"Silikon ciek\u0142y i sta\u0142y - GGF TMRubber\"},\"image\":{\"@id\":\"https:\/\/www.tmrubber.eu\/#\/schema\/logo\/image\/\"}}]}<\/script>\n<!-- \/ Yoast SEO plugin. -->","yoast_head_json":{"title":"Us\u0142ugi - Silikon ciek\u0142y i sta\u0142y - GGF TMRubber","robots":{"index":"index","follow":"follow","max-snippet":"max-snippet:-1","max-image-preview":"max-image-preview:large","max-video-preview":"max-video-preview:-1"},"canonical":"https:\/\/www.tmrubber.eu\/en\/services\/","og_locale":"en_US","og_type":"article","og_title":"Us\u0142ugi - Silikon ciek\u0142y i sta\u0142y - GGF TMRubber","og_description":"Produkcja element\u00f3w silikonowych Jeste\u015bmy firm\u0105 dzia\u0142aj\u0105c\u0105 na rynku europejskim od 2002 roku. Posiadamy bogate do\u015bwiadczenie we wsp\u00f3\u0142pracy mi\u0119dzynarodowej. G\u0142\u00f3wnie wsp\u00f3\u0142pracujemy z firmami skandynawskimi. W\u015br\u00f3d naszych klient\u00f3w s\u0105 r\u00f3wnie\u017c firmy z Azji. Oferujemy: Doradztwo w doborze odpowiedniego materia\u0142u i mieszaniu materia\u0142\u00f3w Pomoc w projektowaniu i wykonaniu form Serie testowe Produkcj\u0119 w kr\u00f3tkich, \u015brednich i d\u0142ugich seriach [&hellip;]","og_url":"https:\/\/www.tmrubber.eu\/en\/services\/","og_site_name":"Silikon ciek\u0142y i sta\u0142y - GGF TMRubber","article_modified_time":"2022-05-20T12:05:08+00:00","og_image":[{"url":"https:\/\/www.tmrubber.eu\/wp-content\/uploads\/2021\/06\/services.jpg","type":"","width":"","height":""}],"twitter_card":"summary_large_image","twitter_misc":{"Est. reading time":"2 minutes"},"schema":{"@context":"https:\/\/schema.org","@graph":[{"@type":"WebPage","@id":"https:\/\/www.tmrubber.eu\/uslugi\/","url":"https:\/\/www.tmrubber.eu\/uslugi\/","name":"Us\u0142ugi - Silikon ciek\u0142y i sta\u0142y - GGF TMRubber","isPartOf":{"@id":"https:\/\/www.tmrubber.eu\/#website"},"primaryImageOfPage":{"@id":"https:\/\/www.tmrubber.eu\/uslugi\/#primaryimage"},"image":{"@id":"https:\/\/www.tmrubber.eu\/uslugi\/#primaryimage"},"thumbnailUrl":"https:\/\/www.tmrubber.eu\/wp-content\/uploads\/2021\/06\/services.jpg","datePublished":"2021-06-23T04:19:46+00:00","dateModified":"2022-05-20T12:05:08+00:00","breadcrumb":{"@id":"https:\/\/www.tmrubber.eu\/uslugi\/#breadcrumb"},"inLanguage":"en-US","potentialAction":[{"@type":"ReadAction","target":["https:\/\/www.tmrubber.eu\/uslugi\/"]}]},{"@type":"ImageObject","inLanguage":"en-US","@id":"https:\/\/www.tmrubber.eu\/uslugi\/#primaryimage","url":"https:\/\/www.tmrubber.eu\/wp-content\/uploads\/2021\/06\/services.jpg","contentUrl":"https:\/\/www.tmrubber.eu\/wp-content\/uploads\/2021\/06\/services.jpg"},{"@type":"BreadcrumbList","@id":"https:\/\/www.tmrubber.eu\/uslugi\/#breadcrumb","itemListElement":[{"@type":"ListItem","position":1,"name":"Strona g\u0142\u00f3wna","item":"https:\/\/www.tmrubber.eu\/"},{"@type":"ListItem","position":2,"name":"Us\u0142ugi"}]},{"@type":"WebSite","@id":"https:\/\/www.tmrubber.eu\/#website","url":"https:\/\/www.tmrubber.eu\/","name":"Liquid and solid Silicone","description":"Silikon sta\u0142y, ciek\u0142y metod\u0105 wtryskow\u0105 i prasowania","publisher":{"@id":"https:\/\/www.tmrubber.eu\/#organization"},"potentialAction":[{"@type":"SearchAction","target":{"@type":"EntryPoint","urlTemplate":"https:\/\/www.tmrubber.eu\/?s={search_term_string}"},"query-input":{"@type":"PropertyValueSpecification","valueRequired":true,"valueName":"search_term_string"}}],"inLanguage":"en-US"},{"@type":"Organization","@id":"https:\/\/www.tmrubber.eu\/#organization","name":"Liquid and solid Silicone","url":"https:\/\/www.tmrubber.eu\/","logo":{"@type":"ImageObject","inLanguage":"en-US","@id":"https:\/\/www.tmrubber.eu\/#\/schema\/logo\/image\/","url":"https:\/\/www.tmrubber.eu\/wp-content\/uploads\/2021\/06\/admin-ajax.png","contentUrl":"https:\/\/www.tmrubber.eu\/wp-content\/uploads\/2021\/06\/admin-ajax.png","width":230,"height":50,"caption":"Silikon ciek\u0142y i sta\u0142y - GGF TMRubber"},"image":{"@id":"https:\/\/www.tmrubber.eu\/#\/schema\/logo\/image\/"}}]}},"_links":{"self":[{"href":"https:\/\/www.tmrubber.eu\/en\/wp-json\/wp\/v2\/pages\/193","targetHints":{"allow":["GET"]}}],"collection":[{"href":"https:\/\/www.tmrubber.eu\/en\/wp-json\/wp\/v2\/pages"}],"about":[{"href":"https:\/\/www.tmrubber.eu\/en\/wp-json\/wp\/v2\/types\/page"}],"author":[{"embeddable":true,"href":"https:\/\/www.tmrubber.eu\/en\/wp-json\/wp\/v2\/users\/1"}],"replies":[{"embeddable":true,"href":"https:\/\/www.tmrubber.eu\/en\/wp-json\/wp\/v2\/comments?post=193"}],"version-history":[{"count":26,"href":"https:\/\/www.tmrubber.eu\/en\/wp-json\/wp\/v2\/pages\/193\/revisions"}],"predecessor-version":[{"id":2097,"href":"https:\/\/www.tmrubber.eu\/en\/wp-json\/wp\/v2\/pages\/193\/revisions\/2097"}],"wp:attachment":[{"href":"https:\/\/www.tmrubber.eu\/en\/wp-json\/wp\/v2\/media?parent=193"}],"curies":[{"name":"wp","href":"https:\/\/api.w.org\/{rel}","templated":true}]}}