{"id":48,"date":"2021-06-23T06:19:46","date_gmt":"2021-06-22T07:40:27","guid":{"rendered":"https:\/\/ggftmrubber.surmacreation.com\/?page_id=48"},"modified":"2026-01-08T09:27:51","modified_gmt":"2026-01-08T08:27:51","slug":"praca","status":"publish","type":"page","link":"https:\/\/www.tmrubber.eu\/sv\/jobb\/","title":{"rendered":"Jobb"},"content":{"rendered":"<div data-elementor-type=\"wp-page\" data-elementor-id=\"48\" class=\"elementor elementor-48\" data-elementor-post-type=\"page\">\n\t\t\t\t\t\t<section class=\"elementor-section elementor-top-section elementor-element elementor-element-bea6f95 elementor-section-boxed elementor-section-height-default elementor-section-height-default\" data-id=\"bea6f95\" data-element_type=\"section\" data-settings=\"{&quot;jet_parallax_layout_list&quot;:[{&quot;jet_parallax_layout_image&quot;:{&quot;url&quot;:&quot;&quot;,&quot;id&quot;:&quot;&quot;,&quot;size&quot;:&quot;&quot;},&quot;_id&quot;:&quot;5a6ab10&quot;,&quot;jet_parallax_layout_image_tablet&quot;:{&quot;url&quot;:&quot;&quot;,&quot;id&quot;:&quot;&quot;,&quot;size&quot;:&quot;&quot;},&quot;jet_parallax_layout_image_mobile&quot;:{&quot;url&quot;:&quot;&quot;,&quot;id&quot;:&quot;&quot;,&quot;size&quot;:&quot;&quot;},&quot;jet_parallax_layout_speed&quot;:{&quot;unit&quot;:&quot;%&quot;,&quot;size&quot;:50,&quot;sizes&quot;:[]},&quot;jet_parallax_layout_type&quot;:&quot;scroll&quot;,&quot;jet_parallax_layout_direction&quot;:&quot;1&quot;,&quot;jet_parallax_layout_fx_direction&quot;:null,&quot;jet_parallax_layout_z_index&quot;:&quot;&quot;,&quot;jet_parallax_layout_bg_x&quot;:50,&quot;jet_parallax_layout_bg_x_tablet&quot;:&quot;&quot;,&quot;jet_parallax_layout_bg_x_mobile&quot;:&quot;&quot;,&quot;jet_parallax_layout_bg_y&quot;:50,&quot;jet_parallax_layout_bg_y_tablet&quot;:&quot;&quot;,&quot;jet_parallax_layout_bg_y_mobile&quot;:&quot;&quot;,&quot;jet_parallax_layout_bg_size&quot;:&quot;auto&quot;,&quot;jet_parallax_layout_bg_size_tablet&quot;:&quot;&quot;,&quot;jet_parallax_layout_bg_size_mobile&quot;:&quot;&quot;,&quot;jet_parallax_layout_animation_prop&quot;:&quot;transform&quot;,&quot;jet_parallax_layout_on&quot;:[&quot;desktop&quot;,&quot;tablet&quot;]}]}\">\n\t\t\t\t\t\t<div class=\"elementor-container elementor-column-gap-default\">\n\t\t\t\t\t<div class=\"elementor-column elementor-col-50 elementor-top-column elementor-element elementor-element-a6f1183\" data-id=\"a6f1183\" data-element_type=\"column\">\n\t\t\t<div class=\"elementor-widget-wrap elementor-element-populated\">\n\t\t\t\t\t\t<div class=\"elementor-element elementor-element-144d5e2 elementor-widget elementor-widget-heading\" data-id=\"144d5e2\" data-element_type=\"widget\" data-no-translation=\"\" data-widget_type=\"heading.default\">\n\t\t\t\t<div class=\"elementor-widget-container\">\n\t\t\t\t\t<style>.elementor-element-144d5e2{display:none !important}<\/style>\t\t\t\t<\/div>\n\t\t\t\t<\/div>\n\t\t\t\t<div class=\"elementor-element elementor-element-e2df671 elementor-widget elementor-widget-heading\" data-id=\"e2df671\" data-element_type=\"widget\" data-no-translation=\"\" data-widget_type=\"heading.default\">\n\t\t\t\t<div class=\"elementor-widget-container\">\n\t\t\t\t\t<style>.elementor-element-e2df671{display:none !important}<\/style>\t\t\t\t<\/div>\n\t\t\t\t<\/div>\n\t\t\t\t<div class=\"elementor-element elementor-element-c900495 elementor-widget elementor-widget-heading\" data-id=\"c900495\" data-element_type=\"widget\" data-no-translation=\"\" data-widget_type=\"heading.default\">\n\t\t\t\t<div class=\"elementor-widget-container\">\n\t\t\t\t\t<h2 class=\"elementor-heading-title elementor-size-default\">Rekrytering<\/h2>\t\t\t\t<\/div>\n\t\t\t\t<\/div>\n\t\t\t\t<div class=\"elementor-element elementor-element-3d52ab7 elementor-widget elementor-widget-text-editor\" data-id=\"3d52ab7\" data-element_type=\"widget\" data-no-translation=\"\" data-widget_type=\"text-editor.default\">\n\t\t\t\t<div class=\"elementor-widget-container\">\n\t\t\t\t\t<style>.elementor-element-3d52ab7{display:none !important}<\/style>\t\t\t\t<\/div>\n\t\t\t\t<\/div>\n\t\t\t\t<div class=\"elementor-element elementor-element-a1b8101 elementor-widget elementor-widget-text-editor\" data-id=\"a1b8101\" data-element_type=\"widget\" data-no-translation=\"\" data-widget_type=\"text-editor.default\">\n\t\t\t\t<div class=\"elementor-widget-container\">\n\t\t\t\t\t<style>.elementor-element-a1b8101{display:none !important}<\/style>\t\t\t\t<\/div>\n\t\t\t\t<\/div>\n\t\t\t\t<div class=\"elementor-element elementor-element-01bb876 elementor-widget elementor-widget-text-editor\" data-id=\"01bb876\" data-element_type=\"widget\" data-no-translation=\"\" data-widget_type=\"text-editor.default\">\n\t\t\t\t<div class=\"elementor-widget-container\">\n\t\t\t\t\t\t\t\t\t<p>Bolagets tillv\u00e4xt \u00e4r v\u00e5r prioritet. Vi tar hand om m\u00e4nniskor som vill \u00f6ka sin kompetens och f\u00f6rb\u00e4ttra sina yrkeskunskaper. Om du \u00e4r intresserad av att arbeta f\u00f6r v\u00e5rt f\u00f6retag, skicka ditt CV.<\/p>\t\t\t\t\t\t\t\t<\/div>\n\t\t\t\t<\/div>\n\t\t\t\t<div class=\"elementor-element elementor-element-e4b6762 elementor-widget-divider--view-line elementor-widget elementor-widget-divider\" data-id=\"e4b6762\" data-element_type=\"widget\" data-widget_type=\"divider.default\">\n\t\t\t\t<div class=\"elementor-widget-container\">\n\t\t\t\t\t\t\t<div class=\"elementor-divider\">\n\t\t\t<span class=\"elementor-divider-separator\">\n\t\t\t\t\t\t<\/span>\n\t\t<\/div>\n\t\t\t\t\t\t<\/div>\n\t\t\t\t<\/div>\n\t\t\t\t<div class=\"elementor-element elementor-element-cc8a26f elementor-widget elementor-widget-heading\" data-id=\"cc8a26f\" data-element_type=\"widget\" data-no-translation=\"\" data-widget_type=\"heading.default\">\n\t\t\t\t<div class=\"elementor-widget-container\">\n\t\t\t\t\t<style>.elementor-element-cc8a26f{display:none !important}<\/style>\t\t\t\t<\/div>\n\t\t\t\t<\/div>\n\t\t\t\t<div class=\"elementor-element elementor-element-05510bf elementor-widget elementor-widget-heading\" data-id=\"05510bf\" data-element_type=\"widget\" data-no-translation=\"\" data-widget_type=\"heading.default\">\n\t\t\t\t<div class=\"elementor-widget-container\">\n\t\t\t\t\t<style>.elementor-element-05510bf{display:none !important}<\/style>\t\t\t\t<\/div>\n\t\t\t\t<\/div>\n\t\t\t\t<div class=\"elementor-element elementor-element-fda53a5 elementor-widget elementor-widget-heading\" data-id=\"fda53a5\" data-element_type=\"widget\" data-no-translation=\"\" data-widget_type=\"heading.default\">\n\t\t\t\t<div class=\"elementor-widget-container\">\n\t\t\t\t\t<h3 class=\"elementor-heading-title elementor-size-default\">Skicka ditt CV<\/h3>\t\t\t\t<\/div>\n\t\t\t\t<\/div>\n\t\t\t\t<div class=\"elementor-element elementor-element-7fcd4ae elementor-button-align-stretch elementor-widget elementor-widget-form\" data-id=\"7fcd4ae\" data-element_type=\"widget\" data-settings=\"{&quot;button_width&quot;:&quot;25&quot;,&quot;step_next_label&quot;:&quot;Nast\\u0119pny&quot;,&quot;step_previous_label&quot;:&quot;Poprzedni&quot;,&quot;step_type&quot;:&quot;number_text&quot;,&quot;step_icon_shape&quot;:&quot;circle&quot;}\" data-no-translation=\"\" data-widget_type=\"form.default\">\n\t\t\t\t<div class=\"elementor-widget-container\">\n\t\t\t\t\t<style>.elementor-element-7fcd4ae{display:none !important}<\/style>\t\t\t\t<\/div>\n\t\t\t\t<\/div>\n\t\t\t\t<div class=\"elementor-element elementor-element-22cb3b7 elementor-button-align-stretch elementor-widget elementor-widget-form\" data-id=\"22cb3b7\" data-element_type=\"widget\" data-settings=\"{&quot;button_width&quot;:&quot;25&quot;,&quot;step_next_label&quot;:&quot;Nast\\u0119pny&quot;,&quot;step_previous_label&quot;:&quot;Poprzedni&quot;,&quot;step_type&quot;:&quot;number_text&quot;,&quot;step_icon_shape&quot;:&quot;circle&quot;}\" data-no-translation=\"\" data-widget_type=\"form.default\">\n\t\t\t\t<div class=\"elementor-widget-container\">\n\t\t\t\t\t<style>.elementor-element-22cb3b7{display:none !important}<\/style>\t\t\t\t<\/div>\n\t\t\t\t<\/div>\n\t\t\t\t<div class=\"elementor-element elementor-element-152a94c elementor-button-align-stretch elementor-widget elementor-widget-form\" data-id=\"152a94c\" data-element_type=\"widget\" data-settings=\"{&quot;button_width&quot;:&quot;25&quot;,&quot;step_next_label&quot;:&quot;Nast\\u0119pny&quot;,&quot;step_previous_label&quot;:&quot;Poprzedni&quot;,&quot;step_type&quot;:&quot;number_text&quot;,&quot;step_icon_shape&quot;:&quot;circle&quot;}\" data-no-translation=\"\" data-widget_type=\"form.default\">\n\t\t\t\t<div class=\"elementor-widget-container\">\n\t\t\t\t\t\t\t<form class=\"elementor-form\" method=\"post\" name=\"Nowy formularz\" aria-label=\"Nowy formularz\" action=\"\">\n\t\t\t<input type=\"hidden\" name=\"post_id\" value=\"48\"\/>\n\t\t\t<input type=\"hidden\" name=\"form_id\" value=\"152a94c\"\/>\n\t\t\t<input type=\"hidden\" name=\"referer_title\" value=\"Silikon ciek\u0142y i sta\u0142y &#8211; GGF TMRubber\" \/>\n\n\t\t\t\n\t\t\t<div class=\"ele-extensions-hide-form elementor-form-fields-wrapper elementor-labels-\">\n\t\t\t\t\t\t\t\t<div class=\"elementor-field-type-text elementor-field-group elementor-column elementor-field-group-name elementor-col-100\">\n\t\t\t\t\t\t\t\t\t\t\t\t<label for=\"form-field-name\" class=\"elementor-field-label elementor-screen-only\">\n\t\t\t\t\t\t\t\tYour name\t\t\t\t\t\t\t<\/label>\n\t\t\t\t\t\t\t\t\t\t\t\t\t\t<input size=\"1\" type=\"text\" name=\"form_fields[name]\" id=\"form-field-name\" class=\"elementor-field elementor-size-xs  elementor-field-textual\" placeholder=\"Your name\">\n\t\t\t\t\t\t\t\t\t\t\t<\/div>\n\t\t\t\t\t\t\t\t<div class=\"elementor-field-type-email elementor-field-group elementor-column elementor-field-group-email elementor-col-100 elementor-field-required\">\n\t\t\t\t\t\t\t\t\t\t\t\t<label for=\"form-field-email\" class=\"elementor-field-label elementor-screen-only\">\n\t\t\t\t\t\t\t\tE-mail\t\t\t\t\t\t\t<\/label>\n\t\t\t\t\t\t\t\t\t\t\t\t\t\t<input size=\"1\" type=\"email\" name=\"form_fields[email]\" id=\"form-field-email\" class=\"elementor-field elementor-size-xs  elementor-field-textual\" placeholder=\"E-mail\" required=\"required\">\n\t\t\t\t\t\t\t\t\t\t\t<\/div>\n\t\t\t\t\t\t\t\t<div class=\"elementor-field-type-select elementor-field-group elementor-column elementor-field-group-field_a2f7d5c elementor-col-100\">\n\t\t\t\t\t\t\t\t\t\t\t\t<label for=\"form-field-field_a2f7d5c\" class=\"elementor-field-label elementor-screen-only\">\n\t\t\t\t\t\t\t\tBefattning\t\t\t\t\t\t\t<\/label>\n\t\t\t\t\t\t\t\t<div class=\"elementor-field elementor-select-wrapper remove-before\">\n\t\t\t<div class=\"select-caret-down-wrapper\">\n\t\t\t\t<svg aria-hidden=\"true\" class=\"e-font-icon-svg e-eicon-caret-down\" viewbox=\"0 0 571.4 571.4\" xmlns=\"http:\/\/www.w3.org\/2000\/svg\"><path d=\"M571 393Q571 407 561 418L311 668Q300 679 286 679T261 668L11 418Q0 407 0 393T11 368 36 357H536Q550 357 561 368T571 393Z\"><\/path><\/svg>\t\t\t<\/div>\n\t\t\t<select name=\"form_fields[field_a2f7d5c]\" id=\"form-field-field_a2f7d5c\" class=\"elementor-field-textual elementor-size-xs\">\n\t\t\t\t\t\t\t\t\t<option value=\"Befattning\">Befattning<\/option>\n\t\t\t\t\t\t\t\t\t<option value=\"Kontorsarbetare\">Kontorsarbetare<\/option>\n\t\t\t\t\t\t\t\t\t<option value=\"Produktionsarbetare\">Produktionsarbetare<\/option>\n\t\t\t\t\t\t\t<\/select>\n\t\t<\/div>\n\t\t\t\t\t\t<\/div>\n\t\t\t\t\t\t\t\t<div class=\"elementor-field-type-textarea elementor-field-group elementor-column elementor-field-group-message elementor-col-100\">\n\t\t\t\t\t\t\t\t\t\t\t\t<label for=\"form-field-message\" class=\"elementor-field-label elementor-screen-only\">\n\t\t\t\t\t\t\t\tMessage\t\t\t\t\t\t\t<\/label>\n\t\t\t\t\t\t<textarea class=\"elementor-field-textual elementor-field  elementor-size-xs\" name=\"form_fields[message]\" id=\"form-field-message\" rows=\"4\" placeholder=\"Message\"><\/textarea>\t\t\t\t<\/div>\n\t\t\t\t\t\t\t\t<div class=\"elementor-field-type-upload elementor-field-group elementor-column elementor-field-group-field_69ad89f elementor-col-100\">\n\t\t\t\t\t\t\t\t\t\t\t\t<label for=\"form-field-field_69ad89f\" class=\"elementor-field-label elementor-screen-only\">\n\t\t\t\t\t\t\t\tSkicka \t\t\t\t\t\t\t<\/label>\n\t\t\t\t\t\t\t\t<input type=\"file\" name=\"form_fields[field_69ad89f]\" id=\"form-field-field_69ad89f\" class=\"elementor-field elementor-size-xs  elementor-upload-field\" data-maxsize=\"5\" data-maxsize-message=\"Denna fil \u00f6verskrider den maximala till\u00e5tna storleken.\">\n\n\t\t\t\t\t\t<\/div>\n\t\t\t\t\t\t\t\t<div class=\"elementor-field-group elementor-column elementor-field-type-submit elementor-col-25 e-form__buttons\">\n\t\t\t\t\t<button class=\"elementor-button elementor-size-sm\" type=\"submit\">\n\t\t\t\t\t\t<span class=\"elementor-button-content-wrapper\">\n\t\t\t\t\t\t\t\t\t\t\t\t\t\t\t\t\t\t\t\t\t\t<span class=\"elementor-button-text\">Send<\/span>\n\t\t\t\t\t\t\t\t\t\t\t\t\t<\/span>\n\t\t\t\t\t<\/button>\n\t\t\t\t<\/div>\n\t\t\t<\/div>\n\t\t<input type=\"hidden\" name=\"trp-form-language\" value=\"sv\"\/><\/form>\n\t\t\t\t\t\t<\/div>\n\t\t\t\t<\/div>\n\t\t\t\t\t<\/div>\n\t\t<\/div>\n\t\t\t\t<div class=\"elementor-column elementor-col-50 elementor-top-column elementor-element elementor-element-b025d81\" data-id=\"b025d81\" data-element_type=\"column\">\n\t\t\t<div class=\"elementor-widget-wrap elementor-element-populated\">\n\t\t\t\t\t\t<div class=\"elementor-element elementor-element-8d5046a elementor-widget elementor-widget-image\" data-id=\"8d5046a\" data-element_type=\"widget\" data-widget_type=\"image.default\">\n\t\t\t\t<div class=\"elementor-widget-container\">\n\t\t\t\t\t\t\t\t\t\t\t\t\t\t\t<img fetchpriority=\"high\" decoding=\"async\" width=\"683\" height=\"1024\" src=\"https:\/\/www.tmrubber.eu\/wp-content\/uploads\/2021\/07\/entrepreneurs-discussing-work-results-meeting-683x1024.jpg\" class=\"attachment-large size-large wp-image-391\" alt=\"\" srcset=\"https:\/\/www.tmrubber.eu\/wp-content\/uploads\/2021\/07\/entrepreneurs-discussing-work-results-meeting-683x1024.jpg 683w, https:\/\/www.tmrubber.eu\/wp-content\/uploads\/2021\/07\/entrepreneurs-discussing-work-results-meeting-200x300.jpg 200w, https:\/\/www.tmrubber.eu\/wp-content\/uploads\/2021\/07\/entrepreneurs-discussing-work-results-meeting-768x1152.jpg 768w, https:\/\/www.tmrubber.eu\/wp-content\/uploads\/2021\/07\/entrepreneurs-discussing-work-results-meeting-1024x1536.jpg 1024w, https:\/\/www.tmrubber.eu\/wp-content\/uploads\/2021\/07\/entrepreneurs-discussing-work-results-meeting-1365x2048.jpg 1365w, https:\/\/www.tmrubber.eu\/wp-content\/uploads\/2021\/07\/entrepreneurs-discussing-work-results-meeting-scaled.jpg 1707w\" sizes=\"(max-width: 683px) 100vw, 683px\" \/>\t\t\t\t\t\t\t\t\t\t\t\t\t\t\t<\/div>\n\t\t\t\t<\/div>\n\t\t\t\t\t<\/div>\n\t\t<\/div>\n\t\t\t\t\t<\/div>\n\t\t<\/section>\n\t\t\t\t<\/div>","protected":false},"excerpt":{"rendered":"<p>Do\u0142\u0105cz do naszego zespo\u0142u Rozw\u00f3j naszej firmy jest dla nas priorytetem. Dlatego szukamy do naszego zespo\u0142u osoby szukaj\u0105cych nowych kompetencji oraz dalszego doskonalenia umiej\u0119tno\u015bci zawodowych. Je\u017celi jeste\u015b zainteresowany prac\u0105 w naszej firmie, wy\u015blij swoje CV. Growth of the company is our priority. We look after people who want to gain new competences and further improvement [&hellip;]<\/p>","protected":false},"author":1,"featured_media":0,"parent":0,"menu_order":10,"comment_status":"closed","ping_status":"closed","template":"","meta":{"footnotes":""},"class_list":["post-48","page","type-page","status-publish","hentry"],"yoast_head":"<!-- This site is optimized with the Yoast SEO plugin v26.7 - https:\/\/yoast.com\/wordpress\/plugins\/seo\/ -->\n<title>Praca - Silikon ciek\u0142y i sta\u0142y - GGF TMRubber<\/title>\n<meta name=\"robots\" content=\"index, follow, max-snippet:-1, max-image-preview:large, max-video-preview:-1\" \/>\n<link rel=\"canonical\" href=\"https:\/\/www.tmrubber.eu\/sv\/career\/\" \/>\n<meta property=\"og:locale\" content=\"sv_SE\" \/>\n<meta property=\"og:type\" content=\"article\" \/>\n<meta property=\"og:title\" content=\"Praca - Silikon ciek\u0142y i sta\u0142y - GGF TMRubber\" \/>\n<meta property=\"og:description\" content=\"Do\u0142\u0105cz do naszego zespo\u0142u Rozw\u00f3j naszej firmy jest dla nas priorytetem. Dlatego szukamy do naszego zespo\u0142u osoby szukaj\u0105cych nowych kompetencji oraz dalszego doskonalenia umiej\u0119tno\u015bci zawodowych. Je\u017celi jeste\u015b zainteresowany prac\u0105 w naszej firmie, wy\u015blij swoje CV. Growth of the company is our priority. We look after people who want to gain new competences and further improvement [&hellip;]\" \/>\n<meta property=\"og:url\" content=\"https:\/\/www.tmrubber.eu\/sv\/career\/\" \/>\n<meta property=\"og:site_name\" content=\"Silikon ciek\u0142y i sta\u0142y - GGF TMRubber\" \/>\n<meta property=\"article:modified_time\" content=\"2026-01-08T08:27:51+00:00\" \/>\n<meta property=\"og:image\" content=\"https:\/\/www.tmrubber.eu\/wp-content\/uploads\/2021\/07\/entrepreneurs-discussing-work-results-meeting-683x1024.jpg\" \/>\n<meta name=\"twitter:card\" content=\"summary_large_image\" \/>\n<meta name=\"twitter:label1\" content=\"Ber\u00e4knad l\u00e4stid\" \/>\n\t<meta name=\"twitter:data1\" content=\"2 minuter\" \/>\n<script type=\"application\/ld+json\" class=\"yoast-schema-graph\">{\"@context\":\"https:\/\/schema.org\",\"@graph\":[{\"@type\":\"WebPage\",\"@id\":\"https:\/\/www.tmrubber.eu\/en\/career\/\",\"url\":\"https:\/\/www.tmrubber.eu\/en\/career\/\",\"name\":\"Praca - Silikon ciek\u0142y i sta\u0142y - GGF TMRubber\",\"isPartOf\":{\"@id\":\"https:\/\/www.tmrubber.eu\/#website\"},\"primaryImageOfPage\":{\"@id\":\"https:\/\/www.tmrubber.eu\/en\/career\/#primaryimage\"},\"image\":{\"@id\":\"https:\/\/www.tmrubber.eu\/en\/career\/#primaryimage\"},\"thumbnailUrl\":\"https:\/\/www.tmrubber.eu\/wp-content\/uploads\/2021\/07\/entrepreneurs-discussing-work-results-meeting-683x1024.jpg\",\"datePublished\":\"2021-06-22T07:40:27+00:00\",\"dateModified\":\"2026-01-08T08:27:51+00:00\",\"breadcrumb\":{\"@id\":\"https:\/\/www.tmrubber.eu\/en\/career\/#breadcrumb\"},\"inLanguage\":\"sv-SE\",\"potentialAction\":[{\"@type\":\"ReadAction\",\"target\":[\"https:\/\/www.tmrubber.eu\/en\/career\/\"]}]},{\"@type\":\"ImageObject\",\"inLanguage\":\"sv-SE\",\"@id\":\"https:\/\/www.tmrubber.eu\/en\/career\/#primaryimage\",\"url\":\"https:\/\/www.tmrubber.eu\/wp-content\/uploads\/2021\/07\/entrepreneurs-discussing-work-results-meeting-683x1024.jpg\",\"contentUrl\":\"https:\/\/www.tmrubber.eu\/wp-content\/uploads\/2021\/07\/entrepreneurs-discussing-work-results-meeting-683x1024.jpg\"},{\"@type\":\"BreadcrumbList\",\"@id\":\"https:\/\/www.tmrubber.eu\/en\/career\/#breadcrumb\",\"itemListElement\":[{\"@type\":\"ListItem\",\"position\":1,\"name\":\"Strona g\u0142\u00f3wna\",\"item\":\"https:\/\/www.tmrubber.eu\/\"},{\"@type\":\"ListItem\",\"position\":2,\"name\":\"Praca\"}]},{\"@type\":\"WebSite\",\"@id\":\"https:\/\/www.tmrubber.eu\/#website\",\"url\":\"https:\/\/www.tmrubber.eu\/\",\"name\":\"Silikon ciek\u0142y i sta\u0142y - GGF TMRubber\",\"description\":\"Silikon sta\u0142y, ciek\u0142y metod\u0105 wtryskow\u0105 i prasowania\",\"publisher\":{\"@id\":\"https:\/\/www.tmrubber.eu\/#organization\"},\"potentialAction\":[{\"@type\":\"SearchAction\",\"target\":{\"@type\":\"EntryPoint\",\"urlTemplate\":\"https:\/\/www.tmrubber.eu\/?s={search_term_string}\"},\"query-input\":{\"@type\":\"PropertyValueSpecification\",\"valueRequired\":true,\"valueName\":\"search_term_string\"}}],\"inLanguage\":\"sv-SE\"},{\"@type\":\"Organization\",\"@id\":\"https:\/\/www.tmrubber.eu\/#organization\",\"name\":\"Silikon ciek\u0142y i sta\u0142y - GGF TMRubber\",\"url\":\"https:\/\/www.tmrubber.eu\/\",\"logo\":{\"@type\":\"ImageObject\",\"inLanguage\":\"sv-SE\",\"@id\":\"https:\/\/www.tmrubber.eu\/#\/schema\/logo\/image\/\",\"url\":\"https:\/\/www.tmrubber.eu\/wp-content\/uploads\/2021\/06\/admin-ajax.png\",\"contentUrl\":\"https:\/\/www.tmrubber.eu\/wp-content\/uploads\/2021\/06\/admin-ajax.png\",\"width\":230,\"height\":50,\"caption\":\"Silikon ciek\u0142y i sta\u0142y - GGF TMRubber\"},\"image\":{\"@id\":\"https:\/\/www.tmrubber.eu\/#\/schema\/logo\/image\/\"}}]}<\/script>\n<!-- \/ Yoast SEO plugin. -->","yoast_head_json":{"title":"Jobb","robots":{"index":"index","follow":"follow","max-snippet":"max-snippet:-1","max-image-preview":"max-image-preview:large","max-video-preview":"max-video-preview:-1"},"canonical":"https:\/\/www.tmrubber.eu\/sv\/career\/","og_locale":"sv_SE","og_type":"article","og_title":"Praca - Silikon ciek\u0142y i sta\u0142y - GGF TMRubber","og_description":"Do\u0142\u0105cz do naszego zespo\u0142u Rozw\u00f3j naszej firmy jest dla nas priorytetem. Dlatego szukamy do naszego zespo\u0142u osoby szukaj\u0105cych nowych kompetencji oraz dalszego doskonalenia umiej\u0119tno\u015bci zawodowych. Je\u017celi jeste\u015b zainteresowany prac\u0105 w naszej firmie, wy\u015blij swoje CV. Growth of the company is our priority. We look after people who want to gain new competences and further improvement [&hellip;]","og_url":"https:\/\/www.tmrubber.eu\/sv\/career\/","og_site_name":"Silikon ciek\u0142y i sta\u0142y - GGF TMRubber","article_modified_time":"2026-01-08T08:27:51+00:00","og_image":[{"url":"https:\/\/www.tmrubber.eu\/wp-content\/uploads\/2021\/07\/entrepreneurs-discussing-work-results-meeting-683x1024.jpg","type":"","width":"","height":""}],"twitter_card":"summary_large_image","twitter_misc":{"Ber\u00e4knad l\u00e4stid":"2 minuter"},"schema":{"@context":"https:\/\/schema.org","@graph":[{"@type":"WebPage","@id":"https:\/\/www.tmrubber.eu\/en\/career\/","url":"https:\/\/www.tmrubber.eu\/en\/career\/","name":"Jobb","isPartOf":{"@id":"https:\/\/www.tmrubber.eu\/#website"},"primaryImageOfPage":{"@id":"https:\/\/www.tmrubber.eu\/en\/career\/#primaryimage"},"image":{"@id":"https:\/\/www.tmrubber.eu\/en\/career\/#primaryimage"},"thumbnailUrl":"https:\/\/www.tmrubber.eu\/wp-content\/uploads\/2021\/07\/entrepreneurs-discussing-work-results-meeting-683x1024.jpg","datePublished":"2021-06-22T07:40:27+00:00","dateModified":"2026-01-08T08:27:51+00:00","breadcrumb":{"@id":"https:\/\/www.tmrubber.eu\/en\/career\/#breadcrumb"},"inLanguage":"sv-SE","potentialAction":[{"@type":"ReadAction","target":["https:\/\/www.tmrubber.eu\/en\/career\/"]}]},{"@type":"ImageObject","inLanguage":"sv-SE","@id":"https:\/\/www.tmrubber.eu\/en\/career\/#primaryimage","url":"https:\/\/www.tmrubber.eu\/wp-content\/uploads\/2021\/07\/entrepreneurs-discussing-work-results-meeting-683x1024.jpg","contentUrl":"https:\/\/www.tmrubber.eu\/wp-content\/uploads\/2021\/07\/entrepreneurs-discussing-work-results-meeting-683x1024.jpg"},{"@type":"BreadcrumbList","@id":"https:\/\/www.tmrubber.eu\/en\/career\/#breadcrumb","itemListElement":[{"@type":"ListItem","position":1,"name":"Strona g\u0142\u00f3wna","item":"https:\/\/www.tmrubber.eu\/"},{"@type":"ListItem","position":2,"name":"Praca"}]},{"@type":"WebSite","@id":"https:\/\/www.tmrubber.eu\/#website","url":"https:\/\/www.tmrubber.eu\/","name":"GGF TMRubber","description":"Silikon sta\u0142y, ciek\u0142y metod\u0105 wtryskow\u0105 i prasowania","publisher":{"@id":"https:\/\/www.tmrubber.eu\/#organization"},"potentialAction":[{"@type":"SearchAction","target":{"@type":"EntryPoint","urlTemplate":"https:\/\/www.tmrubber.eu\/?s={search_term_string}"},"query-input":{"@type":"PropertyValueSpecification","valueRequired":true,"valueName":"search_term_string"}}],"inLanguage":"sv-SE"},{"@type":"Organization","@id":"https:\/\/www.tmrubber.eu\/#organization","name":"GGF TMRubber","url":"https:\/\/www.tmrubber.eu\/","logo":{"@type":"ImageObject","inLanguage":"sv-SE","@id":"https:\/\/www.tmrubber.eu\/#\/schema\/logo\/image\/","url":"https:\/\/www.tmrubber.eu\/wp-content\/uploads\/2021\/06\/admin-ajax.png","contentUrl":"https:\/\/www.tmrubber.eu\/wp-content\/uploads\/2021\/06\/admin-ajax.png","width":230,"height":50,"caption":"Silikon ciek\u0142y i sta\u0142y - GGF TMRubber"},"image":{"@id":"https:\/\/www.tmrubber.eu\/#\/schema\/logo\/image\/"}}]}},"_links":{"self":[{"href":"https:\/\/www.tmrubber.eu\/sv\/wp-json\/wp\/v2\/pages\/48","targetHints":{"allow":["GET"]}}],"collection":[{"href":"https:\/\/www.tmrubber.eu\/sv\/wp-json\/wp\/v2\/pages"}],"about":[{"href":"https:\/\/www.tmrubber.eu\/sv\/wp-json\/wp\/v2\/types\/page"}],"author":[{"embeddable":true,"href":"https:\/\/www.tmrubber.eu\/sv\/wp-json\/wp\/v2\/users\/1"}],"replies":[{"embeddable":true,"href":"https:\/\/www.tmrubber.eu\/sv\/wp-json\/wp\/v2\/comments?post=48"}],"version-history":[{"count":203,"href":"https:\/\/www.tmrubber.eu\/sv\/wp-json\/wp\/v2\/pages\/48\/revisions"}],"predecessor-version":[{"id":2851,"href":"https:\/\/www.tmrubber.eu\/sv\/wp-json\/wp\/v2\/pages\/48\/revisions\/2851"}],"wp:attachment":[{"href":"https:\/\/www.tmrubber.eu\/sv\/wp-json\/wp\/v2\/media?parent=48"}],"curies":[{"name":"wp","href":"https:\/\/api.w.org\/{rel}","templated":true}]}}